{"id":6397,"date":"2021-11-09T12:28:21","date_gmt":"2021-11-09T09:28:21","guid":{"rendered":"https:\/\/moser.swiss\/?page_id=6397"},"modified":"2022-06-28T12:25:29","modified_gmt":"2022-06-28T09:25:29","slug":"moser-hotbox","status":"publish","type":"page","link":"https:\/\/moser-steffisburg.swiss\/fr\/moser-hotbox\/","title":{"rendered":"MOSER HOTBOX"},"content":{"rendered":"\n<p>La benne con\u00e7ue sur le principe de la MOSER STONEBOX RR est multifonctionnelle et peut \u00eatre utilis\u00e9e sp\u00e9cialement pour le transport de bitume. En p\u00e9riode de froid, seules des superstructures isol\u00e9es ou presque sont utilis\u00e9es. Gr\u00e2ce au mat\u00e9riau d\u2019isolation haut de gamme, notre benne conserve parfaitement la chaleur. Parce que les exigences en mati\u00e8re de transport des enrob\u00e9s bitumeux chauds ont augment\u00e9: MOSER HOTBOX RR.<\/p>\n\n\n\n<div style=\"height:100px\" aria-hidden=\"true\" class=\"wp-block-spacer\"><\/div>\n\n\n\n<h2 class=\"has-text-align-left wp-block-heading\">\u00a0\u00a0\u00a0\u00a0\u00a0\u00a0\u00a0\u00a0\u00a0\u00a0\u00a0\u00a0\u00a0\u00a0\u00a0\u00a0\u00a0\u00a0\u00a0\u00a0\u00a0\u00a0\u00a0\u00a0\u00a0\u00a0\u00a0\u00a0\u00a0\u00a0\u00a0\u00a0 En savoir plus \u2013 reprendre la route!<\/h2>\n\n\n\n<div style=\"height:100px\" aria-hidden=\"true\" class=\"wp-block-spacer\"><\/div>\n\n\n\n<figure class=\"wp-block-video\"><video height=\"1080\" style=\"aspect-ratio: 1920 \/ 1080;\" width=\"1920\" controls src=\"http:\/\/moser.swiss\/wp-content\/uploads\/2021\/11\/MOSER-HOTBOX-RR.mp4\"><\/video><\/figure>\n\n\n\n<div style=\"height:100px\" aria-hidden=\"true\" class=\"wp-block-spacer\"><\/div>\n\n\n\n<div class=\"wp-block-file aligncenter\" id=\"mehr-infos\"><a href=\"https:\/\/moser.swiss\/wp-content\/uploads\/2021\/11\/Moser_Prospekt_2021.pdf\">D\u00e9couvrez notre nouvelle brochure<\/a><a href=\"https:\/\/moser.swiss\/wp-content\/uploads\/2021\/11\/Moser_Prospekt_2021.pdf\" class=\"wp-block-file__button\" download>T\u00e9l\u00e9charger<\/a><\/div>\n\n\n\n<div class=\"wp-block-image is-style-default\"><figure class=\"aligncenter size-large\"><a href=\"https:\/\/moser.swiss\/wp-content\/uploads\/2021\/11\/Moser_Prospekt_2021.pdf\"><img loading=\"lazy\" decoding=\"async\" width=\"1024\" height=\"717\" src=\"http:\/\/moser.swiss\/wp-content\/uploads\/2021\/11\/Moser_Broschu\u0308re-Hotbox_Mockup-1-1024x717.png\" alt=\"\" class=\"wp-image-6412\" srcset=\"https:\/\/moser-steffisburg.swiss\/wp-content\/uploads\/2021\/11\/Moser_Broschu\u0308re-Hotbox_Mockup-1-1024x717.png 1024w, https:\/\/moser-steffisburg.swiss\/wp-content\/uploads\/2021\/11\/Moser_Broschu\u0308re-Hotbox_Mockup-1-300x210.png 300w, https:\/\/moser-steffisburg.swiss\/wp-content\/uploads\/2021\/11\/Moser_Broschu\u0308re-Hotbox_Mockup-1-768x538.png 768w, https:\/\/moser-steffisburg.swiss\/wp-content\/uploads\/2021\/11\/Moser_Broschu\u0308re-Hotbox_Mockup-1-500x350.png 500w, https:\/\/moser-steffisburg.swiss\/wp-content\/uploads\/2021\/11\/Moser_Broschu\u0308re-Hotbox_Mockup-1.png 1200w\" sizes=\"auto, (max-width: 1024px) 100vw, 1024px\" \/><\/a><\/figure><\/div>\n","protected":false},"excerpt":{"rendered":"<p>La benne con\u00e7ue sur le principe de la MOSER STONEBOX RR est multifonctionnelle et peut \u00eatre utilis\u00e9e sp\u00e9cialement pour le transport de bitume. En p\u00e9riode de froid, seules des superstructures isol\u00e9es ou presque sont utilis\u00e9es. Gr\u00e2ce au mat\u00e9riau d\u2019isolation haut de gamme, notre benne conserve parfaitement la chaleur. Parce que les exigences en mati\u00e8re de [&hellip;]<\/p>\n","protected":false},"author":1,"featured_media":0,"parent":0,"menu_order":0,"comment_status":"closed","ping_status":"closed","template":"page-templates\/product.php","meta":{"_acf_changed":false,"inline_featured_image":false,"footnotes":""},"class_list":["post-6397","page","type-page","status-publish","hentry"],"acf":[],"yoast_head":"<!-- This site is optimized with the Yoast SEO plugin v27.5 - https:\/\/yoast.com\/product\/yoast-seo-wordpress\/ -->\n<title>MOSER HOTBOX &#8211; Moser<\/title>\n<meta name=\"robots\" content=\"index, follow, max-snippet:-1, max-image-preview:large, max-video-preview:-1\" \/>\n<link rel=\"canonical\" href=\"https:\/\/moser.swiss\/moser-hotbox\/\" \/>\n<meta property=\"og:locale\" content=\"fr_FR\" \/>\n<meta property=\"og:type\" content=\"article\" \/>\n<meta property=\"og:title\" content=\"MOSER HOTBOX &#8211; Moser\" \/>\n<meta property=\"og:description\" content=\"La benne con\u00e7ue sur le principe de la MOSER STONEBOX RR est multifonctionnelle et peut \u00eatre utilis\u00e9e sp\u00e9cialement pour le transport de bitume. En p\u00e9riode de froid, seules des superstructures isol\u00e9es ou presque sont utilis\u00e9es. Gr\u00e2ce au mat\u00e9riau d\u2019isolation haut de gamme, notre benne conserve parfaitement la chaleur. Parce que les exigences en mati\u00e8re de [&hellip;]\" \/>\n<meta property=\"og:url\" content=\"https:\/\/moser.swiss\/moser-hotbox\/\" \/>\n<meta property=\"og:site_name\" content=\"Moser\" \/>\n<meta property=\"article:modified_time\" content=\"2022-06-28T09:25:29+00:00\" \/>\n<meta name=\"twitter:card\" content=\"summary_large_image\" \/>\n<meta name=\"twitter:label1\" content=\"Dur\u00e9e de lecture estim\u00e9e\" \/>\n\t<meta name=\"twitter:data1\" content=\"1 minute\" \/>\n<script type=\"application\/ld+json\" class=\"yoast-schema-graph\">{\"@context\":\"https:\\\/\\\/schema.org\",\"@graph\":[{\"@type\":\"WebPage\",\"@id\":\"https:\\\/\\\/moser.swiss\\\/moser-hotbox\\\/\",\"url\":\"https:\\\/\\\/moser.swiss\\\/moser-hotbox\\\/\",\"name\":\"MOSER HOTBOX &#8211; Moser\",\"isPartOf\":{\"@id\":\"https:\\\/\\\/www.moser.swiss\\\/fr\\\/#website\"},\"datePublished\":\"2021-11-09T09:28:21+00:00\",\"dateModified\":\"2022-06-28T09:25:29+00:00\",\"breadcrumb\":{\"@id\":\"https:\\\/\\\/moser.swiss\\\/moser-hotbox\\\/#breadcrumb\"},\"inLanguage\":\"fr-FR\",\"potentialAction\":[{\"@type\":\"ReadAction\",\"target\":[\"https:\\\/\\\/moser.swiss\\\/moser-hotbox\\\/\"]}]},{\"@type\":\"BreadcrumbList\",\"@id\":\"https:\\\/\\\/moser.swiss\\\/moser-hotbox\\\/#breadcrumb\",\"itemListElement\":[{\"@type\":\"ListItem\",\"position\":1,\"name\":\"\u0413\u043b\u0430\u0432\u043d\u0430\u044f \u0441\u0442\u0440\u0430\u043d\u0438\u0446\u0430\",\"item\":\"https:\\\/\\\/www.moser.swiss\\\/fr\\\/\"},{\"@type\":\"ListItem\",\"position\":2,\"name\":\"MOSER HOTBOX\"}]},{\"@type\":\"WebSite\",\"@id\":\"https:\\\/\\\/www.moser.swiss\\\/fr\\\/#website\",\"url\":\"https:\\\/\\\/www.moser.swiss\\\/fr\\\/\",\"name\":\"Moser\",\"description\":\"Toujours une charge d&#039;avance.\",\"potentialAction\":[{\"@type\":\"SearchAction\",\"target\":{\"@type\":\"EntryPoint\",\"urlTemplate\":\"https:\\\/\\\/www.moser.swiss\\\/fr\\\/?s={search_term_string}\"},\"query-input\":{\"@type\":\"PropertyValueSpecification\",\"valueRequired\":true,\"valueName\":\"search_term_string\"}}],\"inLanguage\":\"fr-FR\"}]}<\/script>\n<!-- \/ Yoast SEO plugin. -->","yoast_head_json":{"title":"MOSER HOTBOX &#8211; Moser","robots":{"index":"index","follow":"follow","max-snippet":"max-snippet:-1","max-image-preview":"max-image-preview:large","max-video-preview":"max-video-preview:-1"},"canonical":"https:\/\/moser.swiss\/moser-hotbox\/","og_locale":"fr_FR","og_type":"article","og_title":"MOSER HOTBOX &#8211; Moser","og_description":"La benne con\u00e7ue sur le principe de la MOSER STONEBOX RR est multifonctionnelle et peut \u00eatre utilis\u00e9e sp\u00e9cialement pour le transport de bitume. En p\u00e9riode de froid, seules des superstructures isol\u00e9es ou presque sont utilis\u00e9es. Gr\u00e2ce au mat\u00e9riau d\u2019isolation haut de gamme, notre benne conserve parfaitement la chaleur. Parce que les exigences en mati\u00e8re de [&hellip;]","og_url":"https:\/\/moser.swiss\/moser-hotbox\/","og_site_name":"Moser","article_modified_time":"2022-06-28T09:25:29+00:00","twitter_card":"summary_large_image","twitter_misc":{"Dur\u00e9e de lecture estim\u00e9e":"1 minute"},"schema":{"@context":"https:\/\/schema.org","@graph":[{"@type":"WebPage","@id":"https:\/\/moser.swiss\/moser-hotbox\/","url":"https:\/\/moser.swiss\/moser-hotbox\/","name":"MOSER HOTBOX &#8211; Moser","isPartOf":{"@id":"https:\/\/www.moser.swiss\/fr\/#website"},"datePublished":"2021-11-09T09:28:21+00:00","dateModified":"2022-06-28T09:25:29+00:00","breadcrumb":{"@id":"https:\/\/moser.swiss\/moser-hotbox\/#breadcrumb"},"inLanguage":"fr-FR","potentialAction":[{"@type":"ReadAction","target":["https:\/\/moser.swiss\/moser-hotbox\/"]}]},{"@type":"BreadcrumbList","@id":"https:\/\/moser.swiss\/moser-hotbox\/#breadcrumb","itemListElement":[{"@type":"ListItem","position":1,"name":"\u0413\u043b\u0430\u0432\u043d\u0430\u044f \u0441\u0442\u0440\u0430\u043d\u0438\u0446\u0430","item":"https:\/\/www.moser.swiss\/fr\/"},{"@type":"ListItem","position":2,"name":"MOSER HOTBOX"}]},{"@type":"WebSite","@id":"https:\/\/www.moser.swiss\/fr\/#website","url":"https:\/\/www.moser.swiss\/fr\/","name":"Moser","description":"Toujours une charge d&#039;avance.","potentialAction":[{"@type":"SearchAction","target":{"@type":"EntryPoint","urlTemplate":"https:\/\/www.moser.swiss\/fr\/?s={search_term_string}"},"query-input":{"@type":"PropertyValueSpecification","valueRequired":true,"valueName":"search_term_string"}}],"inLanguage":"fr-FR"}]}},"_links":{"self":[{"href":"https:\/\/moser-steffisburg.swiss\/fr\/wp-json\/wp\/v2\/pages\/6397","targetHints":{"allow":["GET"]}}],"collection":[{"href":"https:\/\/moser-steffisburg.swiss\/fr\/wp-json\/wp\/v2\/pages"}],"about":[{"href":"https:\/\/moser-steffisburg.swiss\/fr\/wp-json\/wp\/v2\/types\/page"}],"author":[{"embeddable":true,"href":"https:\/\/moser-steffisburg.swiss\/fr\/wp-json\/wp\/v2\/users\/1"}],"replies":[{"embeddable":true,"href":"https:\/\/moser-steffisburg.swiss\/fr\/wp-json\/wp\/v2\/comments?post=6397"}],"version-history":[{"count":0,"href":"https:\/\/moser-steffisburg.swiss\/fr\/wp-json\/wp\/v2\/pages\/6397\/revisions"}],"wp:attachment":[{"href":"https:\/\/moser-steffisburg.swiss\/fr\/wp-json\/wp\/v2\/media?parent=6397"}],"curies":[{"name":"wp","href":"https:\/\/api.w.org\/{rel}","templated":true}]}}